{"id":21,"date":"2021-11-02T12:22:15","date_gmt":"2021-11-02T16:22:15","guid":{"rendered":"https:\/\/www.luxorweb.ca\/?page_id=21"},"modified":"2022-02-18T09:15:25","modified_gmt":"2022-02-18T14:15:25","slug":"revetements-muraux","status":"publish","type":"page","link":"https:\/\/luxorweb.ca\/fr\/revetements-muraux\/","title":{"rendered":"Rev\u00eatements muraux"},"content":{"rendered":"<section class=\"h1-container revetements-muraux banner\">\n<div class=\"container-fluid p-0\">\n<div class=\"row justify-content-center\">\n<div class=\"col-12\">\n<div class=\"lc-block d-flex justify-content-center\">\n<div class=\"h1-div\">\n<h1>Rev\u00eatements muraux <br \/>finis bois et solides<\/h1>\n<a class=\"estimate contact btn\" href=\"https:\/\/luxorweb.ca\/fr\/contact\/estimation\/\" aria-label=\"Demandez une estimation\">Demandez une estimation<\/a><\/div>\n<\/p><\/div>\n<\/p><\/div>\n<\/p><\/div>\n<\/p><\/div>\n<\/section>\n<section class=\"img-float-first\">\n<div class=\"container\">\n<div class=\"row\">\n<div class=\"col-xl-6\">\n<div class=\"border-green\">\n<div class=\"lc-block\">\n<div editable=\"rich\">\n<h2 class=\"text-left text-xl-right\">Des rev\u00eatements muraux solides, durables et faciles <br \/>\u00e0 installer au Canada et nord-est des \u00c9tats-Unis<\/h2>\n<p class=\"text-left text-xl-right\">Le rev\u00eatement mural en planche de Luxor Architectural est compos\u00e9 d\u2019aluminium extrud\u00e9 de type 6063-T5. <\/p>\n<p class=\"text-left text-xl-right\">La cat\u00e9gorie T5 de l\u2019aluminium extrud\u00e9 6063 offre les propri\u00e9t\u00e9s id\u00e9ales pour les rev\u00eatements muraux architecturaux, soit une r\u00e9sistance \u00e0 la traction d\u2019au moins 140 Mpa, d\u2019une stabilit\u00e9 dimensionnelle \u00e9gale ou inf\u00e9rieure \u00e0 0,30% selon les temp\u00e9ratures ext\u00e9rieures reconnues en Am\u00e9rique du Nord, une r\u00e9sistance accrue \u00e0 l\u2019impact, incombustible et conforme \u00e0 la norme ULC-S135.<\/p>\n<\/p><\/div>\n<\/p><\/div>\n<p><!-- \/lc-block --><br \/>\n\t\t\t\t\t<!-- \/lc-block -->\n\t\t\t\t<\/div>\n<\/p><\/div>\n<p><!-- \/col --><\/p>\n<div class=\"col-xl-6\">\n<div class=\"lc-block\">\n\t\t\t\t\t<img loading=\"lazy\" decoding=\"async\" class=\"img-fluid add-border\" src=\"https:\/\/www.luxorweb.ca\/wp-content\/uploads\/2022\/02\/WEB-EX-PROFILE-6P-POUR-3.jpg\" srcset=\"https:\/\/www.luxorweb.ca\/wp-content\/uploads\/2022\/02\/WEB-EX-PROFILE-6P-POUR-3.jpg 755w, https:\/\/www.luxorweb.ca\/wp-content\/uploads\/2022\/02\/WEB-EX-PROFILE-6P-POUR-3-300x46.jpg 300w, https:\/\/www.luxorweb.ca\/wp-content\/uploads\/2022\/02\/WEB-EX-PROFILE-6P-POUR-3-534x83.jpg 534w\" sizes=\"(max-width: 755px) 100vw, 755px\" alt=\"\" width=\"755\" height=\"117\">\n\t\t\t\t<\/div>\n<p><!-- \/lc-block -->\n\t\t\t<\/div>\n<p><!-- \/col -->\n\t\t<\/div>\n<\/p><\/div>\n<\/section>\n<section class=\"p-0 d-none d-xl-block\">\n<div class=\"container-fluid p-0\">\n<div class=\"row\">\n<div class=\"col-12\">\n<div class=\"lc-block\">\n\t\t\t\t\t<picture><source srcset=\"https:\/\/www.luxorweb.ca\/wp-content\/uploads\/2021\/11\/mur-briques.webp\" type=\"image\/webp\"><img loading=\"lazy\" decoding=\"async\" class=\"img-fluid\" src=\"https:\/\/www.luxorweb.ca\/wp-content\/uploads\/2021\/11\/mur-briques.jpg\" srcset=\"https:\/\/www.luxorweb.ca\/wp-content\/uploads\/2021\/11\/mur-briques.jpg 1920w, https:\/\/www.luxorweb.ca\/wp-content\/uploads\/2021\/11\/mur-briques-300x92.jpg 300w, https:\/\/www.luxorweb.ca\/wp-content\/uploads\/2021\/11\/mur-briques-1024x313.jpg 1024w, https:\/\/www.luxorweb.ca\/wp-content\/uploads\/2021\/11\/mur-briques-768x234.jpg 768w, https:\/\/www.luxorweb.ca\/wp-content\/uploads\/2021\/11\/mur-briques-1536x469.jpg 1536w, https:\/\/www.luxorweb.ca\/wp-content\/uploads\/2021\/11\/mur-briques-534x163.jpg 534w\" sizes=\"(max-width: 1920px) 100vw, 1920px\" alt=\"\" width=\"1920\" height=\"586\"><\/picture>\n\t\t\t\t<\/div>\n<p><!-- \/lc-block -->\n\t\t\t<\/div>\n<p><!-- \/col -->\n\t\t<\/div>\n<\/p><\/div>\n<\/section>\n<section class=\"img-float-first\">\n<div class=\"container\">\n<div class=\"row\">\n<div class=\"col-12 col-xl-7\">\n<div class=\"border-green\">\n<div class=\"lc-block\">\n<div editable=\"rich\">\n<h2>Des rev\u00eatements muraux et produits connexes aspect de bois naturel<\/h2>\n<p>Luxor est en effet un fier pionnier dans la fabrication de rev\u00eatements muraux. La finition esth\u00e9tique des surfaces par sublimation de nos rev\u00eatements muraux est un proc\u00e9d\u00e9 qui a fait ses preuves depuis plus de 40 ans dans d\u2019autres secteurs d\u2019activit\u00e9s. Cette m\u00e9thode permet de reproduire l\u2019effet recherch\u00e9 du bois naturel avec des grains de bois et ses nuances de colorations typiques.<\/p>\n<p>Une fois install\u00e9s, nos produits architecturaux ne n\u00e9cessitent aucun effort d\u2019entretien, contrairement aux bois et autres d\u00e9riv\u00e9s. Plus besoin de les repeindre, ils ne craqueront pas et ne se d\u00e9composeront pas au fil des temps.<\/p>\n<p>La finition esth\u00e9tique des faces expos\u00e9es de nos planches de rev\u00eatements muraux et leurs moulures est compos\u00e9e d\u2019un pr\u00e9traitement rencontrant les normes AAMA2605 et d\u2019une texture de peinture a la poudre \u00e9lectrostatique \u00e9cologique en polyur\u00e9thane, \u00e9vitant l\u2019\u00e9caillement de la peinture d\u00fb \u00e0 l\u2019oxydation de l\u2019aluminium et permettant \u00e0 nos produits architecturaux une r\u00e9sistance accrue contre la d\u00e9coloration et les \u00e9gratignures ainsi qu\u2019une flexibilit\u00e9 exceptionnelle \u00e0 la d\u00e9formation.<\/p>\n<\/p><\/div>\n<\/p><\/div>\n<p><!-- \/lc-block --><\/p>\n<div class=\"lc-block\">\n<div lc-helper=\"shortcode\" class=\"live-shortcode\"><a class=\"estimate contact btn\" href=\"https:\/\/luxorweb.ca\/fr\/contact\/estimation\/\" aria-label=\"Demandez une estimation\">Demandez une estimation<\/a><\/div>\n<\/p><\/div>\n<p><!-- \/lc-block -->\n\t\t\t\t<\/div>\n<\/p><\/div>\n<p><!-- \/col --><\/p>\n<div class=\"col-12 col-xl-5 order-xl-first\">\n<div class=\"lc-block h-100\">\n\t\t\t\t\t<img loading=\"lazy\" decoding=\"async\" class=\"img-fluid add-border\" src=\"https:\/\/www.luxorweb.ca\/wp-content\/uploads\/2022\/02\/MOD-FINI-3.jpg\" srcset=\"https:\/\/www.luxorweb.ca\/wp-content\/uploads\/2022\/02\/MOD-FINI-3.jpg 987w, https:\/\/www.luxorweb.ca\/wp-content\/uploads\/2022\/02\/MOD-FINI-3-300x91.jpg 300w, https:\/\/www.luxorweb.ca\/wp-content\/uploads\/2022\/02\/MOD-FINI-3-768x233.jpg 768w, https:\/\/www.luxorweb.ca\/wp-content\/uploads\/2022\/02\/MOD-FINI-3-534x162.jpg 534w\" sizes=\"(max-width: 987px) 100vw, 987px\" alt=\"\" width=\"987\" height=\"299\">\n\t\t\t\t<\/div>\n<p><!-- \/lc-block -->\n\t\t\t<\/div>\n<p><!-- \/col -->\n\t\t<\/div>\n<\/p><\/div>\n<\/section>\n","protected":false},"excerpt":{"rendered":"<p>Rev\u00eatements muraux finis bois et solides Des rev\u00eatements muraux solides, durables et faciles \u00e0 installer au Canada et nord-est des \u00c9tats-Unis Le rev\u00eatement mural en planche de Luxor Architectural est compos\u00e9 d\u2019aluminium extrud\u00e9 de type 6063-T5. La cat\u00e9gorie T5 de l\u2019aluminium extrud\u00e9 6063 offre les propri\u00e9t\u00e9s id\u00e9ales pour les rev\u00eatements muraux architecturaux, soit une r\u00e9sistance [&hellip;]<\/p>\n","protected":false},"author":1,"featured_media":0,"parent":0,"menu_order":0,"comment_status":"closed","ping_status":"closed","template":"","meta":{"footnotes":""},"acf":[],"_links":{"self":[{"href":"https:\/\/luxorweb.ca\/fr\/wp-json\/wp\/v2\/pages\/21"}],"collection":[{"href":"https:\/\/luxorweb.ca\/fr\/wp-json\/wp\/v2\/pages"}],"about":[{"href":"https:\/\/luxorweb.ca\/fr\/wp-json\/wp\/v2\/types\/page"}],"author":[{"embeddable":true,"href":"https:\/\/luxorweb.ca\/fr\/wp-json\/wp\/v2\/users\/1"}],"replies":[{"embeddable":true,"href":"https:\/\/luxorweb.ca\/fr\/wp-json\/wp\/v2\/comments?post=21"}],"version-history":[{"count":65,"href":"https:\/\/luxorweb.ca\/fr\/wp-json\/wp\/v2\/pages\/21\/revisions"}],"predecessor-version":[{"id":1197,"href":"https:\/\/luxorweb.ca\/fr\/wp-json\/wp\/v2\/pages\/21\/revisions\/1197"}],"wp:attachment":[{"href":"https:\/\/luxorweb.ca\/fr\/wp-json\/wp\/v2\/media?parent=21"}],"curies":[{"name":"wp","href":"https:\/\/api.w.org\/{rel}","templated":true}]}}