{"id":30,"date":"2021-11-02T12:23:34","date_gmt":"2021-11-02T16:23:34","guid":{"rendered":"https:\/\/www.luxorweb.ca\/?page_id=30"},"modified":"2021-11-05T09:25:17","modified_gmt":"2021-11-05T13:25:17","slug":"contact","status":"publish","type":"page","link":"https:\/\/luxorweb.ca\/fr\/contact\/","title":{"rendered":"Contact"},"content":{"rendered":"<p>La beaut\u00e9 du bois sans ses d\u00e9sagr\u00e9ments<br \/>\nRev\u00eatements muraux fini bois<\/p>\n","protected":false},"excerpt":{"rendered":"<p>La beaut\u00e9 du bois sans ses d\u00e9sagr\u00e9ments Rev\u00eatements muraux fini bois<\/p>\n","protected":false},"author":1,"featured_media":0,"parent":0,"menu_order":0,"comment_status":"closed","ping_status":"closed","template":"page-templates\/contact.php","meta":{"footnotes":""},"acf":[],"_links":{"self":[{"href":"https:\/\/luxorweb.ca\/fr\/wp-json\/wp\/v2\/pages\/30"}],"collection":[{"href":"https:\/\/luxorweb.ca\/fr\/wp-json\/wp\/v2\/pages"}],"about":[{"href":"https:\/\/luxorweb.ca\/fr\/wp-json\/wp\/v2\/types\/page"}],"author":[{"embeddable":true,"href":"https:\/\/luxorweb.ca\/fr\/wp-json\/wp\/v2\/users\/1"}],"replies":[{"embeddable":true,"href":"https:\/\/luxorweb.ca\/fr\/wp-json\/wp\/v2\/comments?post=30"}],"version-history":[{"count":3,"href":"https:\/\/luxorweb.ca\/fr\/wp-json\/wp\/v2\/pages\/30\/revisions"}],"predecessor-version":[{"id":181,"href":"https:\/\/luxorweb.ca\/fr\/wp-json\/wp\/v2\/pages\/30\/revisions\/181"}],"wp:attachment":[{"href":"https:\/\/luxorweb.ca\/fr\/wp-json\/wp\/v2\/media?parent=30"}],"curies":[{"name":"wp","href":"https:\/\/api.w.org\/{rel}","templated":true}]}}