{"id":309,"date":"2021-11-09T11:36:05","date_gmt":"2021-11-09T16:36:05","guid":{"rendered":"https:\/\/www.luxorweb.ca\/?page_id=309"},"modified":"2022-04-11T13:57:08","modified_gmt":"2022-04-11T17:57:08","slug":"produits-annexes","status":"publish","type":"page","link":"https:\/\/luxorweb.ca\/fr\/produits-annexes\/","title":{"rendered":"Produits annexes"},"content":{"rendered":"<section class=\"h1-container banner\">\n<div class=\"container-fluid p-0\">\n<div class=\"row justify-content-center\">\n<div class=\"col-12\">\n<div class=\"lc-block d-flex justify-content-center\">\n<div class=\"h1-div\">\n<h1>Produits annexes<\/h1>\n<a class=\"estimate contact btn\" href=\"https:\/\/luxorweb.ca\/fr\/contact\/estimation\/\" aria-label=\"Demandez une estimation\">Demandez une estimation<\/a><\/div>\n<\/p><\/div>\n<\/p><\/div>\n<\/p><\/div>\n<\/p><\/div>\n<\/section>\n<section class=\"img-float-last\">\n<div class=\"container\">\n<div class=\"row\">\n<div class=\"col\">\n<div class=\"border-green\">\n<div class=\"lc-block\">\n<div editable=\"rich\">\n<p>Soucieux de fournir \u00e0 notre client\u00e8le une gamme compl\u00e8te de produits architecturaux pour les projets d\u2019envergure r\u00e9sidentielle, commerciale ou institutionnelle, Luxor Architectural a le plaisir de vous d\u00e9voiler prochainement ses nouveaux produits pour embellir vos propri\u00e9t\u00e9s.<\/p>\n<p>Suivez notre rubrique <a class=\"text-green\" href=\"https:\/\/luxorweb.ca\/fr\/nouvelles\/\" aria-label=\"&laquo;&nbsp;Nouvelles&nbsp;&raquo;\">\u00ab\u00a0Nouvelles\u00a0\u00bb<\/a> pour \u00eatre inform\u00e9 de nos nouveaut\u00e9s.<\/p>\n<\/p><\/div>\n<\/p><\/div>\n<p><!-- \/lc-block --><\/p>\n<div class=\"lc-block\">\n<div lc-helper=\"shortcode\" class=\"live-shortcode\"><a class=\"contact btn\" href=\"https:\/\/luxorweb.ca\/fr\/contact\/\" aria-label=\"En savoir plus\">En savoir plus<\/a><\/div>\n<\/p><\/div>\n<p><!-- \/lc-block -->\n\t\t\t\t<\/div>\n<\/p><\/div>\n<p><!-- \/col -->\n\t\t<\/div>\n<\/p><\/div>\n<\/section>\n","protected":false},"excerpt":{"rendered":"<p>Produits annexes Soucieux de fournir \u00e0 notre client\u00e8le une gamme compl\u00e8te de produits architecturaux pour les projets d\u2019envergure r\u00e9sidentielle, commerciale ou institutionnelle, Luxor Architectural a le plaisir de vous d\u00e9voiler prochainement ses nouveaux produits pour embellir vos propri\u00e9t\u00e9s. Suivez notre rubrique pour \u00eatre inform\u00e9 de nos nouveaut\u00e9s.<\/p>\n","protected":false},"author":1,"featured_media":0,"parent":0,"menu_order":0,"comment_status":"closed","ping_status":"closed","template":"","meta":{"footnotes":""},"acf":[],"_links":{"self":[{"href":"https:\/\/luxorweb.ca\/fr\/wp-json\/wp\/v2\/pages\/309"}],"collection":[{"href":"https:\/\/luxorweb.ca\/fr\/wp-json\/wp\/v2\/pages"}],"about":[{"href":"https:\/\/luxorweb.ca\/fr\/wp-json\/wp\/v2\/types\/page"}],"author":[{"embeddable":true,"href":"https:\/\/luxorweb.ca\/fr\/wp-json\/wp\/v2\/users\/1"}],"replies":[{"embeddable":true,"href":"https:\/\/luxorweb.ca\/fr\/wp-json\/wp\/v2\/comments?post=309"}],"version-history":[{"count":21,"href":"https:\/\/luxorweb.ca\/fr\/wp-json\/wp\/v2\/pages\/309\/revisions"}],"predecessor-version":[{"id":1497,"href":"https:\/\/luxorweb.ca\/fr\/wp-json\/wp\/v2\/pages\/309\/revisions\/1497"}],"wp:attachment":[{"href":"https:\/\/luxorweb.ca\/fr\/wp-json\/wp\/v2\/media?parent=309"}],"curies":[{"name":"wp","href":"https:\/\/api.w.org\/{rel}","templated":true}]}}